{"id":581,"date":"2019-11-05T12:08:29","date_gmt":"2019-11-05T11:08:29","guid":{"rendered":"https:\/\/clubslowtravel.com\/?page_id=581"},"modified":"2024-02-14T16:01:44","modified_gmt":"2024-02-14T15:01:44","slug":"home","status":"publish","type":"page","link":"https:\/\/clubslowtravel.com\/en\/","title":{"rendered":"Home"},"content":{"rendered":"[mk_page_section bg_position=&#8221;center center&#8221; bg_repeat=&#8221;no-repeat&#8221; bg_stretch=&#8221;true&#8221; min_height=&#8221;650&#8243; full_width=&#8221;true&#8221; js_vertical_centered=&#8221;true&#8221; padding_top=&#8221;0&#8243; padding_bottom=&#8221;0&#8243; sidebar=&#8221;sidebar-1&#8243;][vc_column][mk_slideshow_box images=&#8221;176,481,180,182&#8243; bg_repeat=&#8221;no-repeat&#8221; slideshow_speed=&#8221;7000&#8243; transition_speed=&#8221;1500&#8243; section_height=&#8221;650&#8243; padding_top=&#8221;0&#8243; padding_bottom=&#8221;0&#8243; orderby=&#8221;post__in&#8221;][vc_row_inner is_fullwidth_content=&#8221;false&#8221;][vc_column_inner width=&#8221;1\/2&#8243;][mk_padding_divider size=&#8221;200&#8243;][vc_column_text margin_bottom=&#8221;15&#8243; css=&#8221;.vc_custom_1572952105589{margin-bottom: 0px !important;}&#8221;]\n<h1>Your trip does not exist yet<\/h1>\n[\/vc_column_text][vc_column_text margin_bottom=&#8221;15&#8243; css=&#8221;.vc_custom_1572952414384{margin-bottom: 0px !important;}&#8221;]\n<h3>Experiences that decrease your pace of life<\/h3>\n[\/vc_column_text][vc_column_text css=&#8221;.vc_custom_1572952480189{margin-bottom: 0px !important;}&#8221;]We offer experiences, getaways and tours for small groups<br \/>\nAll our local guides experts who will accompany you&#8230;<\/p>\n<p>We work in Mid-Seasonand low season avoiding crowds and immersing yourself in local life.<\/p>\n<p>Bohemian chic and prestige luxury services in hotel accommodations and superior villas and transport, specially chosen to complete the slow experience.[\/vc_column_text]<div id=\"uvc-type-wrap-9804\"  data-ultimate-target='#uvc-type-wrap-9804'  data-responsive-json-new='{\"font-size\":\"desktop:23px;\",\"line-height\":\"desktop:40px;\"}'  class=\"uvc-type-wrap  ult-adjust-bottom-margin ult-responsive  uvc-type-align-left uvc-type-no-prefix uvc-wrap-58385003969d42b4c37d59\" style=\"font-weight:bold;text-align:left;\"><div id=\"vticker-58385003969d42b4c37d59\"  data-ultimate-target='#uvc-type-wrap-9804'  data-responsive-json-new='{\"font-size\":\"desktop:23px;\",\"line-height\":\"desktop:40px;\"}'  class=\"ultimate-vticker ticker  ultimate-fancy-text-inherit\" style=\"color:#4bbcce; text-transform: unset;\"><ul><li style=\"opacity:1\">Concierge services<\/li><li style=\"opacity:0\">Avant-garde and traditional style combined<\/li><li style=\"opacity:0\">Far from the crowds<\/li><li style=\"opacity:0\">Tailored packages<\/li><\/ul><\/div><script type=\"text\/javascript\">\r\n\t\t\t\t\t\tjQuery(function($){\r\n\t\t\t\t\t\t\t$(document).ready(function(){\r\n\t\t\t\t\t\t\t\tif( typeof jQuery(\"#vticker-58385003969d42b4c37d59\").easyTicker == \"function\"){\r\n\t\t\t\t\t\t\t\t\t$(\"#vticker-58385003969d42b4c37d59\").find(\"li\").css(\"opacity\",\"1\");\r\n\t\t\t\t\t\t\t\t\t\r\n\t\t\t\t\t\t\t\t\t$(\"#vticker-58385003969d42b4c37d59\").easyTicker({\r\n\t\t\t\t\t\t\t\t\t\tdirection: \"up\",\r\n\t\t\t\t\t\t\t\t\t\teasing: \"swing\",\r\n\t\t\t\t\t\t\t\t\t\tspeed: 200,\r\n\t\t\t\t\t\t\t\t\t\tinterval: 3000,\r\n\t\t\t\t\t\t\t\t\t\theight: \"auto\",\r\n\t\t\t\t\t\t\t\t\t\tvisible: 1,\r\n\t\t\t\t\t\t\t\t\t\tmousePause: 0,\r\n\t\t\t\t\t\t\t\t\t\tcontrols: {\r\n\t\t\t\t\t\t\t\t\t\t\tup: \"\",\r\n\t\t\t\t\t\t\t\t\t\t\tdown: \"\",\r\n\t\t\t\t\t\t\t\t\t\t\ttoggle: \"\",\r\n\t\t\t\t\t\t\t\t\t\t\tplayText: \"Play\",\r\n\t\t\t\t\t\t\t\t\t\t\tstopText: \"Stop\"\r\n\t\t\t\t\t\t\t\t\t\t}\r\n\t\t\t\t\t\t\t\t\t});\r\n\t\t\t\t\t\t\t\t}\r\n\t\t\t\t\t\t\t});\r\n\t\t\t\t\t\t});\r\n\t\t\t\t\t<\/script><\/div>[mk_button dimension=&#8221;outline&#8221; corner_style=&#8221;rounded&#8221; size=&#8221;medium&#8221; letter_spacing=&#8221;3&#8243; url=&#8221;\/en\/services\/&#8221; margin_top=&#8221;10&#8243; margin_bottom=&#8221;10&#8243; margin_right=&#8221;0&#8243; outline_skin=&#8221;custom&#8221; outline_active_color=&#8221;#4bbcce&#8221; outline_active_text_color=&#8221;#4bbcce&#8221; outline_hover_bg_color=&#8221;#4bbcce&#8221; outline_hover_color=&#8221;#ffffff&#8221;]SEE SERVICES[\/mk_button][\/vc_column_inner][vc_column_inner width=&#8221;1\/2&#8243;][mk_padding_divider size=&#8221;140&#8243;][mk_image src=&#8221;https:\/\/clubslowtravel.com\/wp-content\/uploads\/club-slow-travel-viajes-personalizados-a-medida.svg&#8221; image_size=&#8221;full&#8221; align=&#8221;center&#8221; margin_bottom=&#8221;0&#8243; el_class=&#8221;ilustracion-principal&#8221;][\/vc_column_inner][\/vc_row_inner][\/mk_slideshow_box][\/vc_column][\/mk_page_section][mk_page_section bg_position=&#8221;center center&#8221; bg_repeat=&#8221;no-repeat&#8221; bg_stretch=&#8221;true&#8221; js_vertical_centered=&#8221;true&#8221; padding_top=&#8221;0&#8243; padding_bottom=&#8221;0&#8243; sidebar=&#8221;sidebar-1&#8243;][vc_column][mk_padding_divider size=&#8221;50&#8243;][vc_row_inner is_fullwidth_content=&#8221;false&#8221;][vc_column_inner width=&#8221;1\/2&#8243;][mk_padding_divider][mk_image src=&#8221;https:\/\/clubslowtravel.com\/wp-content\/uploads\/clubslowtravel-experiencias-viajes-slow.png&#8221; image_size=&#8221;full&#8221; align=&#8221;center&#8221; margin_bottom=&#8221;0&#8243;][\/vc_column_inner][vc_column_inner width=&#8221;1\/2&#8243;][vc_column_text margin_bottom=&#8221;20&#8243; css=&#8221;.vc_custom_1572952589563{margin-bottom: 0px !important;}&#8221;]\n<h2>We offer high-end products in the tourist activity in Spain<\/h2>\n[\/vc_column_text][vc_column_text margin_bottom=&#8221;20&#8243; css=&#8221;.vc_custom_1572952650049{margin-bottom: 0px !important;}&#8221;]\n<h4>We share the passion for special places in Spain, which have left something inside us.<\/h4>\n[\/vc_column_text][mk_custom_list style=&#8221;mk-moon-map-4&#8243;]\n<div>\n<ul>\n<li>Participate in a slow private experience or share in small groups of limited places.<\/li>\n<li>Request a tailor made itinerary and add some slow experience.<\/li>\n<li>We organize special events for small groups with local experiences.<\/li>\n<\/ul>\n<\/div>\n[\/mk_custom_list][mk_button dimension=&#8221;outline&#8221; corner_style=&#8221;rounded&#8221; size=&#8221;medium&#8221; letter_spacing=&#8221;3&#8243; url=&#8221;\/en\/we-organize-your-trip\/&#8221; margin_bottom=&#8221;0&#8243; margin_right=&#8221;0&#8243; outline_skin=&#8221;custom&#8221; outline_active_color=&#8221;#4bbcce&#8221; outline_active_text_color=&#8221;#4bbcce&#8221; outline_hover_bg_color=&#8221;#4bbcce&#8221; outline_hover_color=&#8221;#ffffff&#8221;]CONTACT[\/mk_button][\/vc_column_inner][\/vc_row_inner][mk_padding_divider size=&#8221;50&#8243;][\/vc_column][\/mk_page_section][mk_page_section bg_color=&#8221;#f9f9f9&#8243; bg_position=&#8221;center center&#8221; bg_repeat=&#8221;no-repeat&#8221; bg_stretch=&#8221;true&#8221; js_vertical_centered=&#8221;true&#8221; padding_top=&#8221;0&#8243; padding_bottom=&#8221;0&#8243; sidebar=&#8221;sidebar-1&#8243;][vc_column][vc_row_inner][vc_column_inner offset=&#8221;vc_col-lg-offset-0 vc_col-md-offset-0 vc_col-sm-offset-0&#8243;][mk_padding_divider size=&#8221;50&#8243;][vc_column_text align=&#8221;center&#8221; margin_bottom=&#8221;20&#8243; css=&#8221;.vc_custom_1686650257737{margin-bottom: 0px !important;}&#8221;]\n<h2 style=\"text-align: center;\">5 ways to walk slowly<\/h2>\n<p><center><iframe loading=\"lazy\" title=\"SLOW EXPERIENCES\" src=\"https:\/\/www.youtube.com\/embed\/X-7nziyvgpQ?rel=0&amp;autoplay=1\" width=\"956\" height=\"538\" frameborder=\"0\" allowfullscreen=\"allowfullscreen\"><\/iframe><\/center>[\/vc_column_text][mk_padding_divider size=&#8221;30&#8243;][\/vc_column_inner][\/vc_row_inner][vc_row_inner][vc_column_inner offset=&#8221;vc_col-lg-offset-0 vc_col-md-offset-0 vc_col-sm-offset-0&#8243;][mk_padding_divider size=&#8221;50&#8243;][vc_column_text align=&#8221;center&#8221; margin_bottom=&#8221;20&#8243; css=&#8221;.vc_custom_1572952787780{margin-bottom: 0px !important;}&#8221;]\n<h3 style=\"text-align: center;\">Featured Experiences<\/h3>\n[\/vc_column_text][mk_padding_divider size=&#8221;30&#8243;][\/vc_column_inner][\/vc_row_inner][vc_row_inner][vc_column_inner][vc_basic_grid post_type=&#8221;portfolio&#8221; max_items=&#8221;3&#8243; item=&#8221;275&#8243; initial_loading_animation=&#8221;none&#8221; grid_id=&#8221;vc_gid:1686650183768-2dfc0614-d629-10&#8243;][\/vc_column_inner][\/vc_row_inner][mk_button dimension=&#8221;outline&#8221; corner_style=&#8221;rounded&#8221; size=&#8221;medium&#8221; letter_spacing=&#8221;3&#8243; url=&#8221;\/en\/experiences\/&#8221; align=&#8221;center&#8221; margin_right=&#8221;0&#8243; outline_skin=&#8221;custom&#8221; outline_active_color=&#8221;#4bbcce&#8221; outline_active_text_color=&#8221;#4bbcce&#8221; outline_hover_bg_color=&#8221;#4bbcce&#8221; outline_hover_color=&#8221;#ffffff&#8221;]SEE ALL EXPERIENCES[\/mk_button][mk_padding_divider size=&#8221;50&#8243;][\/vc_column][\/mk_page_section][vc_row fullwidth=&#8221;true&#8221; fullwidth_content=&#8221;false&#8221; el_class=&#8221;capa-superior&#8221; css=&#8221;.vc_custom_1549625462265{background-color: #f9f9f9 !important;}&#8221;][vc_column][mk_padding_divider size=&#8221;50&#8243;][vc_row_inner][vc_column_inner][vc_column_text css=&#8221;.vc_custom_1572952811922{margin-bottom: 0px !important;}&#8221;]\n<h2 style=\"text-align: center;\">Sustainable Experiences<\/h2>\n[\/vc_column_text][\/vc_column_inner][\/vc_row_inner][vc_row_inner][vc_column_inner width=&#8221;1\/4&#8243;][\/vc_column_inner][vc_column_inner width=&#8221;1\/2&#8243;][vc_column_text css=&#8221;.vc_custom_1572952828035{margin-bottom: 0px !important;}&#8221;]\n<p style=\"text-align: center;\">Responsible Tourism, the traveler influences and supports the real local economy. An environmental sustainability and people with a very practical approach strong local social and economic impact. Join the emerging phenomenon of &#8220;slow travel&#8221; by going to fewer places and spending more time in each one getting a benefit for the destination, with a strong local social and economic impact.<\/p>\n[\/vc_column_text][\/vc_column_inner][vc_column_inner width=&#8221;1\/4&#8243;][\/vc_column_inner][\/vc_row_inner][\/vc_column][\/vc_row][vc_row fullwidth=&#8221;true&#8221; fullwidth_content=&#8221;false&#8221; css=&#8221;.vc_custom_1549625573503{padding-top: 40px !important;padding-bottom: 30px !important;background-color: #f9f9f9 !important;background-position: center !important;background-repeat: no-repeat !important;background-size: cover !important;}&#8221;][vc_column width=&#8221;1\/3&#8243;][mk_image src=&#8221;https:\/\/clubslowtravel.com\/wp-content\/uploads\/club-slow-travel-experiencia-unica-gastronomia.jpg&#8221; image_size=&#8221;full&#8221;][\/vc_column][vc_column width=&#8221;1\/3&#8243;][mk_image src=&#8221;https:\/\/clubslowtravel.com\/wp-content\/uploads\/club-slow-travel-experiencia-unica-viaje.jpg&#8221; image_size=&#8221;full&#8221;][\/vc_column][vc_column width=&#8221;1\/3&#8243;][mk_image src=&#8221;https:\/\/clubslowtravel.com\/wp-content\/uploads\/club-slow-travel-experiencia-unica-lugar.jpg&#8221; image_size=&#8221;full&#8221; visibility=&#8221;hidden-sm&#8221; el_class=&#8221;imagen-elevada&#8221;][\/vc_column][\/vc_row][mk_page_section bg_position=&#8221;center center&#8221; bg_repeat=&#8221;no-repeat&#8221; bg_stretch=&#8221;true&#8221; min_height=&#8221;600&#8243; js_vertical_centered=&#8221;true&#8221; padding_top=&#8221;0&#8243; padding_bottom=&#8221;0&#8243; sidebar=&#8221;sidebar-1&#8243;][vc_column width=&#8221;1\/4&#8243;][mk_padding_divider size=&#8221;150&#8243;][vc_column_text margin_bottom=&#8221;20&#8243; css=&#8221;.vc_custom_1557841136886{margin-bottom: 0px !important;}&#8221;]\n<h3>Local Travel Manager<\/h3>\n[\/vc_column_text][\/vc_column][vc_column width=&#8221;1\/2&#8243;][mk_image src=&#8221;https:\/\/clubslowtravel.com\/wp-content\/uploads\/mesa-de-trabajo-20.png&#8221; image_size=&#8221;full&#8221; align=&#8221;center&#8221; margin_bottom=&#8221;0&#8243;][\/vc_column][vc_column width=&#8221;1\/4&#8243;][mk_padding_divider size=&#8221;170&#8243;][vc_column_text css=&#8221;.vc_custom_1572952844874{margin-bottom: 0px !important;}&#8221;]We anticipate your needs, advise and adapt to special requests at any time. We are experts in the destination.[\/vc_column_text][\/vc_column][\/mk_page_section][mk_page_section bg_color=&#8221;#ffffff&#8221; bg_position=&#8221;center center&#8221; bg_repeat=&#8221;no-repeat&#8221; bg_stretch=&#8221;true&#8221; js_vertical_centered=&#8221;true&#8221; padding_top=&#8221;0&#8243; padding_bottom=&#8221;0&#8243; sidebar=&#8221;sidebar-1&#8243;][vc_column][vc_row_inner][vc_column_inner width=&#8221;1\/2&#8243; offset=&#8221;vc_col-lg-offset-3 vc_col-md-offset-3 vc_col-sm-offset-3&#8243;][vc_column_text margin_bottom=&#8221;20&#8243; css=&#8221;.vc_custom_1572952863576{margin-bottom: 0px !important;}&#8221;]\n<h2 style=\"text-align: center;\">Traveling friends<\/h2>\n[\/vc_column_text][vc_column_text margin_bottom=&#8221;20&#8243; css=&#8221;.vc_custom_1572952879432{margin-bottom: 0px !important;}&#8221;]\n<h4 style=\"text-align: center;\">We constantly look for ways TO MAKE YOUR HOLIDAYS AS PERFECT AS POSSIBLE.<\/h4>\n[\/vc_column_text][mk_padding_divider size=&#8221;20&#8243;][\/vc_column_inner][\/vc_row_inner]<div id=\"ult-carousel-186570394969d42b4c37f07\" class=\"ult-carousel-wrapper   ult_horizontal\" data-gutter=\"15\" data-rtl=\"false\" ><div class=\"ult-carousel-133740121769d42b4c37e89 \" >[vc_row_inner][vc_column_inner width=&#8221;1\/2&#8243;][mk_image src=&#8221;https:\/\/clubslowtravel.com\/wp-content\/uploads\/club-slow-travel-comentario-jose.jpg&#8221; image_size=&#8221;full&#8221; align=&#8221;center&#8221; margin_bottom=&#8221;0&#8243;][\/vc_column_inner][vc_column_inner width=&#8221;1\/2&#8243;][mk_padding_divider size=&#8221;35&#8243;][vc_column_text margin_bottom=&#8221;20&#8243; css=&#8221;.vc_custom_1565087774040{margin-bottom: 0px !important;}&#8221;]\n<h3>J. Perez<\/h3>\n[\/vc_column_text][vc_column_text margin_bottom=&#8221;20&#8243; css=&#8221;.vc_custom_1549630389934{margin-bottom: 0px !important;}&#8221;]\n<h4><em>Viajero en Valencia<\/em><\/h4>\n[\/vc_column_text][vc_column_text css=&#8221;.vc_custom_1565087802345{margin-bottom: 0px !important;}&#8221;]Lo hemos pasado fenomenal y hemos aprendido mucho. Una visita hecha con cari\u00f1o y pasi\u00f3n por las tradiciones valencianas, adem\u00e1s con mucha gracia adem\u00e1s hemos comido FENOMENAL de autentica comida valenciana. Gracias![\/vc_column_text][\/vc_column_inner][\/vc_row_inner][vc_row_inner][vc_column_inner width=&#8221;1\/2&#8243;][mk_image src=&#8221;https:\/\/clubslowtravel.com\/wp-content\/uploads\/club-slow-travel-comentario-laura.jpg&#8221; image_size=&#8221;full&#8221; align=&#8221;center&#8221; margin_bottom=&#8221;0&#8243;][\/vc_column_inner][vc_column_inner width=&#8221;1\/2&#8243;][mk_padding_divider size=&#8221;35&#8243;][vc_column_text margin_bottom=&#8221;20&#8243; css=&#8221;.vc_custom_1565087817162{margin-bottom: 0px !important;}&#8221;]\n<h3>Laura Garc\u00eda<\/h3>\n[\/vc_column_text][vc_column_text margin_bottom=&#8221;20&#8243; css=&#8221;.vc_custom_1549630406180{margin-bottom: 0px !important;}&#8221;]\n<h4><em>Viajera en Granada<\/em><\/h4>\n[\/vc_column_text][vc_column_text css=&#8221;.vc_custom_1565087839496{margin-bottom: 0px !important;}&#8221;]Granada nos ha enamorado, pero sus gentes mas!! , La experiencia de flamenco en el sacromonte ha sido incre\u00edble, m\u00e1gica, exclusiva para pocas personas. Los bailarines muy cercanos\u2026hemos disfrutamos de la gastronom\u00eda popular y comida t\u00edpica de Granada, que adem\u00e1s de sus tapas tiene mucha tradici\u00f3n \u00e1rabe.[\/vc_column_text][\/vc_column_inner][\/vc_row_inner][vc_row_inner][vc_column_inner width=&#8221;1\/2&#8243;][mk_image src=&#8221;https:\/\/clubslowtravel.com\/wp-content\/uploads\/club-slow-travel-opinion-bauer.jpg&#8221; image_size=&#8221;full&#8221; align=&#8221;center&#8221; margin_bottom=&#8221;0&#8243;][\/vc_column_inner][vc_column_inner width=&#8221;1\/2&#8243;][mk_padding_divider size=&#8221;35&#8243;][vc_column_text margin_bottom=&#8221;20&#8243; css=&#8221;.vc_custom_1566293255032{margin-bottom: 0px !important;}&#8221;]\n<h3>J. Bauer<\/h3>\n[\/vc_column_text][vc_column_text margin_bottom=&#8221;20&#8243; css=&#8221;.vc_custom_1566293284787{margin-bottom: 0px !important;}&#8221;]\n<h4><em>Tour Burgos &#8211; Cantabria &#8211; Bilbao<\/em><\/h4>\n[\/vc_column_text][vc_column_text css=&#8221;.vc_custom_1568278876416{margin-bottom: 0px !important;}&#8221;]It&#8217;s about the trip. Traveling through the interior of Spain, from Madrid to Bilbao, we stopped at Las Merindades de Burgos.<\/p>\n<p>Upon waking from a restful sleep in the rustic view of the POSADA in the middle of Nature, we travel through time through the caves of OJO GUARE\u00d1A. Our adventure continued through the magical mountain pass to Cantabria, Portillo de la Sia.[\/vc_column_text][\/vc_column_inner][\/vc_row_inner]<\/div><\/div>\t\t\t<script type=\"text\/javascript\">\r\n\t\t\t\tjQuery(document).ready(function ($) {\r\n\t\t\t\t\tif( typeof jQuery('.ult-carousel-133740121769d42b4c37e89').slick == \"function\"){\r\n\t\t\t\t\t\t$('.ult-carousel-133740121769d42b4c37e89').slick({dots: true,autoplay: true,autoplaySpeed: 15000,speed: 300,infinite: true,arrows: true,nextArrow: '<button type=\"button\" role=\"button\" aria-label=\"Next\" style=\"color:#4bbcce; font-size:20px;border:1.5px solid ;\" class=\"slick-next circle-border\"><i class=\"ultsl-arrow-right4\"><\/i><\/button>',prevArrow: '<button type=\"button\" role=\"button\" aria-label=\"Previous\" style=\"color:#4bbcce; font-size:20px;border:1.5px solid ;\" class=\"slick-prev circle-border\"><i class=\"ultsl-arrow-left4\"><\/i><\/button>',slidesToScroll:1,slidesToShow:1,swipe: true,draggable: true,touchMove: true,pauseOnHover: true,pauseOnFocus: false,responsive: [\r\n\t\t\t\t\t\t\t{\r\n\t\t\t\t\t\t\t  breakpoint: 1026,\r\n\t\t\t\t\t\t\t  settings: {\r\n\t\t\t\t\t\t\t\tslidesToShow: 1,\r\n\t\t\t\t\t\t\t\tslidesToScroll: 1,  \r\n\t\t\t\t\t\t\t  }\r\n\t\t\t\t\t\t\t},\r\n\t\t\t\t\t\t\t{\r\n\t\t\t\t\t\t\t  breakpoint: 1025,\r\n\t\t\t\t\t\t\t  settings: {\r\n\t\t\t\t\t\t\t\tslidesToShow: 1,\r\n\t\t\t\t\t\t\t\tslidesToScroll: 1\r\n\t\t\t\t\t\t\t  }\r\n\t\t\t\t\t\t\t},\r\n\t\t\t\t\t\t\t{\r\n\t\t\t\t\t\t\t  breakpoint: 760,\r\n\t\t\t\t\t\t\t  settings: {\r\n\t\t\t\t\t\t\t\tslidesToShow: 1,\r\n\t\t\t\t\t\t\t\tslidesToScroll: 1\r\n\t\t\t\t\t\t\t  }\r\n\t\t\t\t\t\t\t}\r\n\t\t\t\t\t\t],pauseOnDotsHover: true,customPaging: function(slider, i) {\r\n                   return '<i type=\"button\" style= \"color:#4bbcce;\" class=\"ultsl-record\" data-role=\"none\"><\/i>';\r\n                },});\r\n\t\t\t\t\t}\r\n\t\t\t\t});\r\n\t\t\t<\/script>\r\n\t\t\t[mk_padding_divider size=&#8221;50&#8243;][\/vc_column][\/mk_page_section]\n","protected":false},"excerpt":{"rendered":"<p>[mk_page_section bg_position=&#8221;center center&#8221; bg_repeat=&#8221;no-repeat&#8221; bg_stretch=&#8221;true&#8221; min_height=&#8221;650&#8243; full_width=&#8221;true&#8221; js_vertical_centered=&#8221;true&#8221; padding_top=&#8221;0&#8243; padding_bottom=&#8221;0&#8243; sidebar=&#8221;sidebar-1&#8243;][vc_column][mk_slideshow_box images=&#8221;176,481,180,182&#8243; bg_repeat=&#8221;no-repeat&#8221; slideshow_speed=&#8221;7000&#8243; transition_speed=&#8221;1500&#8243; section_height=&#8221;650&#8243; padding_top=&#8221;0&#8243; padding_bottom=&#8221;0&#8243; orderby=&#8221;post__in&#8221;][vc_row_inner is_fullwidth_content=&#8221;false&#8221;][vc_column_inner width=&#8221;1\/2&#8243;][mk_padding_divider size=&#8221;200&#8243;][vc_column_text margin_bottom=&#8221;15&#8243; css=&#8221;.vc_custom_1572952105589{margin-bottom: 0px !important;}&#8221;] Your trip does not exist yet [\/vc_column_text][vc_column_text margin_bottom=&#8221;15&#8243; css=&#8221;.vc_custom_1572952414384{margin-bottom: 0px !important;}&#8221;] Experiences that decrease your pace of life [\/vc_column_text][vc_column_text css=&#8221;.vc_custom_1572952480189{margin-bottom: 0px !important;}&#8221;]We offer experiences, getaways and tours for small [&hellip;]<\/p>\n","protected":false},"author":1,"featured_media":0,"parent":0,"menu_order":0,"comment_status":"closed","ping_status":"closed","template":"","meta":{"om_disable_all_campaigns":false,"inline_featured_image":false,"_monsterinsights_skip_tracking":false,"_monsterinsights_sitenote_active":false,"_monsterinsights_sitenote_note":"","_monsterinsights_sitenote_category":0},"aioseo_notices":[],"_links":{"self":[{"href":"https:\/\/clubslowtravel.com\/en\/wp-json\/wp\/v2\/pages\/581"}],"collection":[{"href":"https:\/\/clubslowtravel.com\/en\/wp-json\/wp\/v2\/pages"}],"about":[{"href":"https:\/\/clubslowtravel.com\/en\/wp-json\/wp\/v2\/types\/page"}],"author":[{"embeddable":true,"href":"https:\/\/clubslowtravel.com\/en\/wp-json\/wp\/v2\/users\/1"}],"replies":[{"embeddable":true,"href":"https:\/\/clubslowtravel.com\/en\/wp-json\/wp\/v2\/comments?post=581"}],"version-history":[{"count":8,"href":"https:\/\/clubslowtravel.com\/en\/wp-json\/wp\/v2\/pages\/581\/revisions"}],"predecessor-version":[{"id":1376,"href":"https:\/\/clubslowtravel.com\/en\/wp-json\/wp\/v2\/pages\/581\/revisions\/1376"}],"wp:attachment":[{"href":"https:\/\/clubslowtravel.com\/en\/wp-json\/wp\/v2\/media?parent=581"}],"curies":[{"name":"wp","href":"https:\/\/api.w.org\/{rel}","templated":true}]}}