{"id":657,"date":"2019-11-05T15:10:18","date_gmt":"2019-11-05T14:10:18","guid":{"rendered":"https:\/\/clubslowtravel.com\/?page_id=657"},"modified":"2019-11-05T15:10:18","modified_gmt":"2019-11-05T14:10:18","slug":"cookies-policy","status":"publish","type":"page","link":"https:\/\/clubslowtravel.com\/en\/cookies-policy\/","title":{"rendered":"Cookies Policy"},"content":{"rendered":"<p><strong>Pol\u00edtica de Cookies<\/strong><\/p>\n<p><strong>Concepto de Cookies<\/strong><\/p>\n<p>Las cookies constituyen una herramienta empleada por los servidores Web para almacenar y recuperar informaci\u00f3n acerca de sus visitantes o usuarios. No es m\u00e1s que un fichero de texto que algunos servidores instalan durante la navegaci\u00f3n y que permiten conocer informaci\u00f3n como por ejemplo: el lugar desde el que accede, el tiempo de conexi\u00f3n, el dispositivo desde el que accede (fijo o m\u00f3vil), el sistema operativo y navegador utilizados, las p\u00e1ginas m\u00e1s visitadas, el n\u00famero de clicks realizados y de datos respecto al comportamiento del usuario en Internet. No proporcionan referencias que permitan deducir el nombre y apellidos del usuario y no pueden leer datos de su disco duro ni incluir virus en sus equipos. Asimismo, no puede leer las cookies implantadas en el disco duro del usuario desde otros servidores.<\/p>\n<p><strong>\u00bfPor qu\u00e9 son importantes?<\/strong><br \/>\n<strong>\u00a0<\/strong><br \/>\nEl sitio web es accesible sin necesidad de que las cookies est\u00e9n activadas, si bien, su desactivaci\u00f3n puede impedir su funcionamiento correcto.<\/p>\n<p>Desde un punto de vista t\u00e9cnico las cookies permiten que los sitios web funcionen de forma m\u00e1s \u00e1gil y adaptada a las preferencias de los usuarios, como por ejemplo almacenar el idioma, la moneda del pa\u00eds o detectar el dispositivo de acceso.<\/p>\n<p>Establecen niveles de protecci\u00f3n y seguridad que Impiden o dificultan ciberataques contra el sitio web o sus usuarios.<\/p>\n<p>Permiten que los gestores de los medios puedan conocer datos estad\u00edsticos recopilados para mejorar la calidad y experiencia de sus servicios.<\/p>\n<p>Sirven para optimizar la publicidad que mostramos a los usuarios, ofreciendo la que m\u00e1s se ajusta a sus intereses.<\/p>\n<p><strong>Autorizaci\u00f3n para el uso de cookies<\/strong><\/p>\n<p>En el sitio web aparece un <strong>Aviso de Cookies<\/strong> que el usuario o visitante puede aceptar, consintiendo expresamente al uso de las cookies seg\u00fan se indica a continuaci\u00f3n.<\/p>\n<p>El usuario puede configurar su navegador para rechazar por defecto todas las cookies o para recibir un aviso en pantalla de la recepci\u00f3n de cada cookie y decidir sobre su instalaci\u00f3n o no en su disco duro.<\/p>\n<p><strong>Configuraci\u00f3n del navegador<\/strong><\/p>\n<div class=\"js-comment-text tb-comment-text\">\n<div>\n<div>\n<p>Club Slow Travel recuerda a sus usuarios que el uso de cookies podr\u00e1 estar sujeto a su aceptaci\u00f3n durante la instalaci\u00f3n o actualizaci\u00f3n del navegador utilizado por \u00e9stos.<\/p>\n<\/div>\n<\/div>\n<\/div>\n<p>Esta aceptaci\u00f3n podr\u00e1 ser revocada mediante las opciones de configuraci\u00f3n de contenidos y privacidad disponibles en el mismo. El Titular recomienda a sus usuarios que consulten la ayuda de su navegador o acceda a las p\u00e1ginas web de ayuda de los principales navegadores: Firefox, Internet Explorer, Safari, Chrome.<\/p>\n<p>Si desea m\u00e1s informaci\u00f3n acerca de c\u00f3mo revocar el consentimiento prestado o sobre el procedimiento para deshabilitar las cookies, as\u00ed como realizar alguna pregunta sobre la Pol\u00edtica de Cookies, puede contactar con el titular a trav\u00e9s de la siguiente direcci\u00f3n de correo electr\u00f3nico info@clubslowtravel.com indicando \u201cPol\u00edtica de Cookies\u201d en el asunto.<\/p>\n<p><strong>\u00a0<\/strong><br \/>\n<strong>Tipos de Cookies que se utilizan en la Web<\/strong><\/p>\n<p>El usuario que navega por la Web puede encontrar cookies insertadas directamente por el titular, o bien cookies insertadas por entidades distintas al titular, seg\u00fan lo detallado en los siguientes apartados:<\/p>\n<ul>\n<li><strong>Cookies de sesi\u00f3n<\/strong>, expiran cuando el usuario abandona la p\u00e1gina o cierra el navegador, es decir, est\u00e1n activas mientras dura la visita al sitio web y por tanto son borradas de nuestro ordenador al abandonarlo.<\/li>\n<li><strong>Cookies permanentes<\/strong>, expiran cuando se cumple el objetivo para el que sirven o bien cuando se borran manualmente, tienen fecha de borrado y se utilizan normalmente en proceso de compra online, personalizaciones o en el registro, para no tener que introducir una contrase\u00f1a constantemente.<\/li>\n<\/ul>\n<p>Seg\u00fan la entidad que gestiona el equipo o dominio desde donde se env\u00edan las cookies y trata los datos que se obtengan, podemos distinguir entre Cookies propias y de terceros.<\/p>\n<ul>\n<li><strong>Cookies propias<\/strong> son aquellas cookies que son enviadas al ordenador del usuario y son gestionadas exclusivamente por nosotros para el mejor funcionamiento del Sitio Web. La informaci\u00f3n que recabamos se emplea para mejorar la calidad de nuestro servicio y tu experiencia como usuario.<\/li>\n<li><strong>Cookies de terceros, <\/strong>cuando el usuario interact\u00faa con el contenido de nuestro sitio Web tambi\u00e9n pueden establecerse cookies de terceros (por ejemplo, al pulsar botones de redes sociales o visionar v\u00eddeos alojados en otro sitio web), que son aquellas establecidas por un dominio diferente de nuestro Sitio Web. No podemos acceder a los datos almacenados en las cookies de otros sitios web cuando navegues en los citados sitios web.<\/li>\n<\/ul>\n","protected":false},"excerpt":{"rendered":"<p>Pol\u00edtica de Cookies Concepto de Cookies Las cookies constituyen una herramienta empleada por los servidores Web para almacenar y recuperar informaci\u00f3n acerca de sus visitantes o usuarios. No es m\u00e1s que un fichero de texto que algunos servidores instalan durante la navegaci\u00f3n y que permiten conocer informaci\u00f3n como por ejemplo: el lugar desde el que [&hellip;]<\/p>\n","protected":false},"author":1,"featured_media":0,"parent":0,"menu_order":0,"comment_status":"closed","ping_status":"closed","template":"","meta":{"om_disable_all_campaigns":false,"inline_featured_image":false,"_monsterinsights_skip_tracking":false,"_monsterinsights_sitenote_active":false,"_monsterinsights_sitenote_note":"","_monsterinsights_sitenote_category":0},"aioseo_notices":[],"_links":{"self":[{"href":"https:\/\/clubslowtravel.com\/en\/wp-json\/wp\/v2\/pages\/657"}],"collection":[{"href":"https:\/\/clubslowtravel.com\/en\/wp-json\/wp\/v2\/pages"}],"about":[{"href":"https:\/\/clubslowtravel.com\/en\/wp-json\/wp\/v2\/types\/page"}],"author":[{"embeddable":true,"href":"https:\/\/clubslowtravel.com\/en\/wp-json\/wp\/v2\/users\/1"}],"replies":[{"embeddable":true,"href":"https:\/\/clubslowtravel.com\/en\/wp-json\/wp\/v2\/comments?post=657"}],"version-history":[{"count":1,"href":"https:\/\/clubslowtravel.com\/en\/wp-json\/wp\/v2\/pages\/657\/revisions"}],"predecessor-version":[{"id":658,"href":"https:\/\/clubslowtravel.com\/en\/wp-json\/wp\/v2\/pages\/657\/revisions\/658"}],"wp:attachment":[{"href":"https:\/\/clubslowtravel.com\/en\/wp-json\/wp\/v2\/media?parent=657"}],"curies":[{"name":"wp","href":"https:\/\/api.w.org\/{rel}","templated":true}]}}